{"id":6665,"date":"2024-11-04T14:01:03","date_gmt":"2024-11-04T13:01:03","guid":{"rendered":"https:\/\/www.pssm.lu\/a-propos\/"},"modified":"2025-07-03T11:31:17","modified_gmt":"2025-07-03T09:31:17","slug":"ueber-uns","status":"publish","type":"page","link":"https:\/\/www.pssm.lu\/de\/ueber-uns\/","title":{"rendered":"\u00dcber uns"},"content":{"rendered":"\n\n\t<p>Die Erste-Hilfe-Kurse f\u00fcr psychische Gesundheit werden von der Ligue Sant\u00e9 Mentale asbl organisiert, die eine internationale <a href=\"https:\/\/mhfainternational.org\/\" target=\"_blank\" rel=\"noopener\">MHFA<\/a>-Lizenz besitzt<\/p>\n<p>Die internationale MHFA-Lizenz (Mental Health First Aid) ist eine australische Zertifizierung, die gemeinn\u00fctzigen Organisationen verliehen wird, die in der Lage sind, verschiedene Kriterien in Bezug auf Qualit\u00e4t, Nachhaltigkeit und Vollst\u00e4ndigkeit zu erf\u00fcllen.<\/p>\n<p>Die Kurse &#8222;Erste Hilfe f\u00fcr psychische Gesundheit&#8220; wurden in Australien von Betty Kitchener und Prof. Tony Jorm, zwei australischen Experten f\u00fcr psychische Gesundheit, entwickelt. Betty Kitchener ist Ausbilderin und selbst von einer psychischen St\u00f6rung betroffen. Tony Jorm ist Forscher auf dem Gebiet der psychischen Gesundheit. Ihr Ziel war es, jeden in die Lage zu versetzen, Angeh\u00f6rigen zu helfen, welche an einer psychischen St\u00f6rung leiden und sich in einer psychischen Krise befinden. Seit dem ersten Kurs im Jahr 2000 wurde das Programm von \u00fcber 30 L\u00e4ndern an ihre jeweiligen kulturellen und gesellschaftlichen Kontexte angepasst. Inzwischen wurden weltweit mehr als 8 Millionen Menschen in psychischer Erster Hilfe geschult.<\/p>\n<p><strong>Mehr \u00fcber die <a href=\"http:\/\/www.llhm.lu\/\" target=\"_blank\" rel=\"noopener\">Ligue Sant\u00e9 Mentale<\/a><\/strong><\/p>\n\n","protected":false},"excerpt":{"rendered":"<p>Die Erste-Hilfe-Kurse f\u00fcr psychische Gesundheit werden von der Ligue Sant\u00e9 Mentale asbl organisiert, die eine internationale MHFA-Lizenz besitzt Die internationale MHFA-Lizenz (Mental Health First Aid) ist eine australische Zertifizierung, die gemeinn\u00fctzigen Organisationen verliehen wird, die in der Lage sind, verschiedene Kriterien in Bezug auf Qualit\u00e4t, Nachhaltigkeit und Vollst\u00e4ndigkeit zu erf\u00fcllen. Die Kurse &#8222;Erste Hilfe f\u00fcr&hellip;<\/p>\n","protected":false},"author":1,"featured_media":0,"parent":0,"menu_order":0,"comment_status":"closed","ping_status":"closed","template":"","meta":{"_acf_changed":false,"footnotes":""},"class_list":["post-6665","page","type-page","status-publish","hentry"],"acf":[],"_links":{"self":[{"href":"https:\/\/www.pssm.lu\/de\/wp-json\/wp\/v2\/pages\/6665","targetHints":{"allow":["GET"]}}],"collection":[{"href":"https:\/\/www.pssm.lu\/de\/wp-json\/wp\/v2\/pages"}],"about":[{"href":"https:\/\/www.pssm.lu\/de\/wp-json\/wp\/v2\/types\/page"}],"author":[{"embeddable":true,"href":"https:\/\/www.pssm.lu\/de\/wp-json\/wp\/v2\/users\/1"}],"replies":[{"embeddable":true,"href":"https:\/\/www.pssm.lu\/de\/wp-json\/wp\/v2\/comments?post=6665"}],"version-history":[{"count":1,"href":"https:\/\/www.pssm.lu\/de\/wp-json\/wp\/v2\/pages\/6665\/revisions"}],"predecessor-version":[{"id":10913,"href":"https:\/\/www.pssm.lu\/de\/wp-json\/wp\/v2\/pages\/6665\/revisions\/10913"}],"wp:attachment":[{"href":"https:\/\/www.pssm.lu\/de\/wp-json\/wp\/v2\/media?parent=6665"}],"curies":[{"name":"wp","href":"https:\/\/api.w.org\/{rel}","templated":true}]}}